{"id":37,"date":"2017-01-25T12:41:19","date_gmt":"2017-01-25T11:41:19","guid":{"rendered":"http:\/\/stuff4staff.hak-kirchdorf.at\/?page_id=37"},"modified":"2025-10-22T20:08:37","modified_gmt":"2025-10-22T18:08:37","slug":"webshop","status":"publish","type":"page","link":"https:\/\/stuff4staff.hak-kirchdorf.at\/index.php\/webshop\/","title":{"rendered":"Produktangebot"},"content":{"rendered":"\t\t<div data-elementor-type=\"wp-page\" data-elementor-id=\"37\" class=\"elementor elementor-37\">\n\t\t\t\t\t\t<section class=\"elementor-section elementor-top-section elementor-element elementor-element-25ad947f elementor-section-boxed elementor-section-height-default elementor-section-height-default\" data-id=\"25ad947f\" data-element_type=\"section\">\n\t\t\t\t\t\t<div class=\"elementor-container elementor-column-gap-default\">\n\t\t\t\t\t<div class=\"elementor-column elementor-col-100 elementor-top-column elementor-element elementor-element-3c29751c\" data-id=\"3c29751c\" data-element_type=\"column\">\n\t\t\t<div class=\"elementor-widget-wrap elementor-element-populated\">\n\t\t\t\t\t\t<div class=\"elementor-element elementor-element-168f78d0 elementor-widget elementor-widget-text-editor\" data-id=\"168f78d0\" data-element_type=\"widget\" data-widget_type=\"text-editor.default\">\n\t\t\t\t<div class=\"elementor-widget-container\">\n\t\t\t\t\t\t\t\t\t<h2><span style=\"color: #000000;\">Wir laden Sie sehr herzlich zum Besuch unseres Webshops ein.<\/span><\/h2>\n<p><a role=\"button\" href=\"https:\/\/marketplace.penworldwide.org\/?enterprisePenCode=AT010001157\"><br \/><span style=\"color: #d12440;\">Zum Webshop<\/span><br \/><\/a><\/p>\n<p>\u00a0<\/p>\n<p><\/p>\n<h3 data-start=\"694\" data-end=\"741\"><strong data-start=\"698\" data-end=\"741\">Unsere Produktwelten im \u00dcberblick<\/strong><\/h3>\n<hr data-start=\"743\" data-end=\"746\" \/>\n<p data-start=\"748\" data-end=\"943\"><span style=\"color: #d12440;\"><strong data-start=\"748\" data-end=\"777\">Genuss am Arbeitsplatz<\/strong><\/span><br data-start=\"777\" data-end=\"780\" \/>Von hochwertigen Kaffeevollautomaten \u00fcber stilvolle Tassen bis hin zu Hei\u00dfgetr\u00e4nkeautomaten und K\u00fchlschr\u00e4nken \u2013 diese Kategorie bietet alles, was den B\u00fcroalltag geschmackvoll bereichert.<\/p>\n<p data-start=\"748\" data-end=\"943\"><span style=\"color: #d12440;\"><strong data-start=\"1765\" data-end=\"1788\">Future Furniture<\/strong><\/span><br data-start=\"1788\" data-end=\"1791\" \/>Entdecken Sie moderne und hochwertige B\u00fcrom\u00f6bel, die Design und Ergonomie vereinen. Unser Sortiment reicht von innovativen B\u00fcrost\u00fchlen bis zu durchdachten Beleuchtungsl\u00f6sungen.<\/p>\n<p data-start=\"1550\" data-end=\"1758\">\u00a0<\/p>\n<hr data-start=\"1969\" data-end=\"1972\" \/>\n<p id=\"_wErTnVTFEnw6FB\">\u00a0<\/p>\n<h3 data-start=\"1974\" data-end=\"2062\"><strong data-start=\"1978\" data-end=\"2062\">stuff4staff \u2013 Weil der Arbeitsplatz mehr sein darf als nur ein Ort zum Arbeiten.<\/strong><\/h3>\n<p><\/p>\n<p><\/p>\n<p>\u00a0<\/p>\t\t\t\t\t\t\t\t<\/div>\n\t\t\t\t<\/div>\n\t\t\t\t\t<\/div>\n\t\t<\/div>\n\t\t\t\t\t<\/div>\n\t\t<\/section>\n\t\t\t\t<\/div>\n\t\t","protected":false},"excerpt":{"rendered":"<p>Wir laden Sie sehr herzlich zum Besuch unseres Webshops ein. Zum Webshop \u00a0 Unsere Produktwelten im \u00dcberblick Genuss am ArbeitsplatzVon hochwertigen Kaffeevollautomaten \u00fcber stilvolle Tassen bis hin zu Hei\u00dfgetr\u00e4nkeautomaten und K\u00fchlschr\u00e4nken \u2013 diese Kategorie bietet alles, was den B\u00fcroalltag geschmackvoll bereichert. Future FurnitureEntdecken Sie moderne und hochwertige B\u00fcrom\u00f6bel, die Design und Ergonomie vereinen. Unser Sortiment &hellip; <\/p>\n<p class=\"link-more\"><a href=\"https:\/\/stuff4staff.hak-kirchdorf.at\/index.php\/webshop\/\" class=\"more-link\">Mehr <span class=\"screen-reader-text\">\u00fcber &#8222;Produktangebot&#8220; <\/span>Lesen<\/a><\/p>\n","protected":false},"author":1,"featured_media":0,"parent":0,"menu_order":0,"comment_status":"closed","ping_status":"closed","template":"","meta":{"footnotes":""},"class_list":["post-37","page","type-page","status-publish","hentry"],"featured_media_urls":[],"_links":{"self":[{"href":"https:\/\/stuff4staff.hak-kirchdorf.at\/index.php\/wp-json\/wp\/v2\/pages\/37","targetHints":{"allow":["GET"]}}],"collection":[{"href":"https:\/\/stuff4staff.hak-kirchdorf.at\/index.php\/wp-json\/wp\/v2\/pages"}],"about":[{"href":"https:\/\/stuff4staff.hak-kirchdorf.at\/index.php\/wp-json\/wp\/v2\/types\/page"}],"author":[{"embeddable":true,"href":"https:\/\/stuff4staff.hak-kirchdorf.at\/index.php\/wp-json\/wp\/v2\/users\/1"}],"replies":[{"embeddable":true,"href":"https:\/\/stuff4staff.hak-kirchdorf.at\/index.php\/wp-json\/wp\/v2\/comments?post=37"}],"version-history":[{"count":64,"href":"https:\/\/stuff4staff.hak-kirchdorf.at\/index.php\/wp-json\/wp\/v2\/pages\/37\/revisions"}],"predecessor-version":[{"id":955,"href":"https:\/\/stuff4staff.hak-kirchdorf.at\/index.php\/wp-json\/wp\/v2\/pages\/37\/revisions\/955"}],"wp:attachment":[{"href":"https:\/\/stuff4staff.hak-kirchdorf.at\/index.php\/wp-json\/wp\/v2\/media?parent=37"}],"curies":[{"name":"wp","href":"https:\/\/api.w.org\/{rel}","templated":true}]}}