{"id":4,"date":"2017-01-25T11:55:07","date_gmt":"2017-01-25T10:55:07","guid":{"rendered":"http:\/\/stuff4staff.hak-kirchdorf.at\/?page_id=4"},"modified":"2026-02-24T20:18:41","modified_gmt":"2026-02-24T19:18:41","slug":"startseite","status":"publish","type":"page","link":"https:\/\/stuff4staff.hak-kirchdorf.at\/","title":{"rendered":"Startseite"},"content":{"rendered":"\t\t<div data-elementor-type=\"wp-page\" data-elementor-id=\"4\" class=\"elementor elementor-4\">\n\t\t\t\t\t\t<section class=\"elementor-section elementor-top-section elementor-element elementor-element-4094bdd elementor-section-boxed elementor-section-height-default elementor-section-height-default\" data-id=\"4094bdd\" data-element_type=\"section\">\n\t\t\t\t\t\t<div class=\"elementor-container elementor-column-gap-default\">\n\t\t\t\t\t<div class=\"elementor-column elementor-col-100 elementor-top-column elementor-element elementor-element-82b10c4\" data-id=\"82b10c4\" data-element_type=\"column\">\n\t\t\t<div class=\"elementor-widget-wrap elementor-element-populated\">\n\t\t\t\t\t\t<div class=\"elementor-element elementor-element-6d2a87f elementor-widget__width-initial elementor-widget elementor-widget-heading\" data-id=\"6d2a87f\" data-element_type=\"widget\" data-widget_type=\"heading.default\">\n\t\t\t\t<div class=\"elementor-widget-container\">\n\t\t\t\t\t<h2 class=\"elementor-heading-title elementor-size-default\">Folge uns auf Social-Media!<\/h2>\t\t\t\t<\/div>\n\t\t\t\t<\/div>\n\t\t\t\t<div class=\"elementor-element elementor-element-52560f3 elementor-shape-circle elementor-widget__width-initial elementor-grid-0 e-grid-align-center elementor-widget elementor-widget-social-icons\" data-id=\"52560f3\" data-element_type=\"widget\" data-widget_type=\"social-icons.default\">\n\t\t\t\t<div class=\"elementor-widget-container\">\n\t\t\t\t\t\t\t<div class=\"elementor-social-icons-wrapper elementor-grid\" role=\"list\">\n\t\t\t\t\t\t\t<span class=\"elementor-grid-item\" role=\"listitem\">\n\t\t\t\t\t<a class=\"elementor-icon elementor-social-icon elementor-social-icon-instagram elementor-animation-bounce-in elementor-repeater-item-f168fc8\" href=\"https:\/\/www.instagram.com\/stuff4staff\/\" target=\"_blank\">\n\t\t\t\t\t\t<span class=\"elementor-screen-only\">Instagram<\/span>\n\t\t\t\t\t\t<i aria-hidden=\"true\" class=\"fab fa-instagram\"><\/i>\t\t\t\t\t<\/a>\n\t\t\t\t<\/span>\n\t\t\t\t\t\t\t<span class=\"elementor-grid-item\" role=\"listitem\">\n\t\t\t\t\t<a class=\"elementor-icon elementor-social-icon elementor-social-icon-tiktok elementor-animation-bounce-in elementor-repeater-item-d002264\" href=\"https:\/\/www.tiktok.com\/@stuff4staff\" target=\"_blank\">\n\t\t\t\t\t\t<span class=\"elementor-screen-only\">Tiktok<\/span>\n\t\t\t\t\t\t<i aria-hidden=\"true\" class=\"fab fa-tiktok\"><\/i>\t\t\t\t\t<\/a>\n\t\t\t\t<\/span>\n\t\t\t\t\t<\/div>\n\t\t\t\t\t\t<\/div>\n\t\t\t\t<\/div>\n\t\t\t\t<div class=\"elementor-element elementor-element-988d7ab elementor-widget elementor-widget-heading\" data-id=\"988d7ab\" data-element_type=\"widget\" data-widget_type=\"heading.default\">\n\t\t\t\t<div class=\"elementor-widget-container\">\n\t\t\t\t\t<h2 class=\"elementor-heading-title elementor-size-default\"><br><br>Wir sind \u00fcbersiedelt. Unsere neue Website ist unter folgendem Link erreichbar<br>https:\/\/stuff4staff1157.wixsite.com\/stuff4staff-gmbh<\/h2>\t\t\t\t<\/div>\n\t\t\t\t<\/div>\n\t\t\t\t\t<\/div>\n\t\t<\/div>\n\t\t\t\t\t<\/div>\n\t\t<\/section>\n\t\t\t\t<section class=\"elementor-section elementor-top-section elementor-element elementor-element-92ab71d elementor-section-boxed elementor-section-height-default elementor-section-height-default\" data-id=\"92ab71d\" data-element_type=\"section\">\n\t\t\t\t\t\t<div class=\"elementor-container elementor-column-gap-default\">\n\t\t\t\t\t<div class=\"elementor-column elementor-col-100 elementor-top-column elementor-element elementor-element-962fd44\" data-id=\"962fd44\" data-element_type=\"column\">\n\t\t\t<div class=\"elementor-widget-wrap elementor-element-populated\">\n\t\t\t\t\t\t<div class=\"elementor-element elementor-element-3863c5f elementor-widget elementor-widget-text-editor\" data-id=\"3863c5f\" data-element_type=\"widget\" data-widget_type=\"text-editor.default\">\n\t\t\t\t<div class=\"elementor-widget-container\">\n\t\t\t\t\t\t\t\t\t<p style=\"background-color: #ffffff; text-align: center;\">Wir sind eine \u00dcbungsfirma der BHAK Kirchdorf.<\/p><p style=\"background-color: #ffffff; text-align: center;\">Unsere Firmenphilosophie lautet:<\/p><p style=\"background-color: #ffffff; text-align: center;\">&#8222;make the office great again&#8220;<\/p><p style=\"background-color: #ffffff; text-align: center;\">Unsere Vision ist es, mit unseren Produkten f\u00fcr einen &#8222;gesunden&#8220; Arbeitsplatz und f\u00fcr ein angenehmes Wohlf\u00fchlambiente zu sorgen.<\/p><p style=\"background-color: #ffffff; text-align: center;\"><span style=\"color: #c41010;\"><b>Bitte beachten Sie, dass wir ausschlie\u00dflich andere \u00dcbungsfirmen beliefern. Der Waren- und Zahlungsverkehr wird zu \u00dcbungszwecken m\u00f6glichst praxisnah abgewickelt. Wir liefern die Produkte jedoch nicht real aus und nehmen auch keine realen Zahlungen entgegen.<\/b><\/span><\/p><p style=\"background-color: #ffffff; text-align: center;\">Besuchen Sie unseren Webshop und \u00fcberzeugen Sie sich selbst.<\/p><p style=\"background-color: #ffffff; text-align: center;\">Ihr\u00a0Stuff4Staff Team<\/p>\t\t\t\t\t\t\t\t<\/div>\n\t\t\t\t<\/div>\n\t\t\t\t\t<\/div>\n\t\t<\/div>\n\t\t\t\t\t<\/div>\n\t\t<\/section>\n\t\t\t\t<section class=\"elementor-section elementor-top-section elementor-element elementor-element-fbfebd1 elementor-section-boxed elementor-section-height-default elementor-section-height-default\" data-id=\"fbfebd1\" data-element_type=\"section\">\n\t\t\t\t\t\t<div class=\"elementor-container elementor-column-gap-default\">\n\t\t\t\t\t<div class=\"elementor-column elementor-col-100 elementor-top-column elementor-element elementor-element-24f4cb0\" data-id=\"24f4cb0\" data-element_type=\"column\">\n\t\t\t<div class=\"elementor-widget-wrap elementor-element-populated\">\n\t\t\t\t\t\t<div class=\"elementor-element elementor-element-7859d34 elementor-align-center elementor-widget elementor-widget-button\" data-id=\"7859d34\" data-element_type=\"widget\" data-widget_type=\"button.default\">\n\t\t\t\t<div class=\"elementor-widget-container\">\n\t\t\t\t\t\t\t\t\t<div class=\"elementor-button-wrapper\">\n\t\t\t\t\t<a class=\"elementor-button elementor-button-link elementor-size-sm\" href=\"https:\/\/marketplace.penworldwide.org\/?enterprisePenCode=AT010001157\">\n\t\t\t\t\t\t<span class=\"elementor-button-content-wrapper\">\n\t\t\t\t\t\t<span class=\"elementor-button-icon\">\n\t\t\t\t<i aria-hidden=\"true\" class=\"fas fa-shopping-cart\"><\/i>\t\t\t<\/span>\n\t\t\t\t\t\t\t\t\t<span class=\"elementor-button-text\">zum Marketplace<\/span>\n\t\t\t\t\t<\/span>\n\t\t\t\t\t<\/a>\n\t\t\t\t<\/div>\n\t\t\t\t\t\t\t\t<\/div>\n\t\t\t\t<\/div>\n\t\t\t\t\t<\/div>\n\t\t<\/div>\n\t\t\t\t\t<\/div>\n\t\t<\/section>\n\t\t\t\t<section class=\"elementor-section elementor-top-section elementor-element elementor-element-064c6bf elementor-section-boxed elementor-section-height-default elementor-section-height-default\" data-id=\"064c6bf\" data-element_type=\"section\">\n\t\t\t\t\t\t<div class=\"elementor-container elementor-column-gap-default\">\n\t\t\t\t\t<div class=\"elementor-column elementor-col-100 elementor-top-column elementor-element elementor-element-a93c962\" data-id=\"a93c962\" data-element_type=\"column\">\n\t\t\t<div class=\"elementor-widget-wrap elementor-element-populated\">\n\t\t\t\t\t\t<div class=\"elementor-element elementor-element-6190bf9 elementor-widget elementor-widget-spacer\" data-id=\"6190bf9\" data-element_type=\"widget\" data-widget_type=\"spacer.default\">\n\t\t\t\t<div class=\"elementor-widget-container\">\n\t\t\t\t\t\t\t<div class=\"elementor-spacer\">\n\t\t\t<div class=\"elementor-spacer-inner\"><\/div>\n\t\t<\/div>\n\t\t\t\t\t\t<\/div>\n\t\t\t\t<\/div>\n\t\t\t\t\t<\/div>\n\t\t<\/div>\n\t\t\t\t\t<\/div>\n\t\t<\/section>\n\t\t\t\t<section class=\"elementor-section elementor-top-section elementor-element elementor-element-2dbbc52 elementor-section-boxed elementor-section-height-default elementor-section-height-default\" data-id=\"2dbbc52\" data-element_type=\"section\">\n\t\t\t\t\t\t<div class=\"elementor-container elementor-column-gap-default\">\n\t\t\t\t\t<div class=\"elementor-column elementor-col-100 elementor-top-column elementor-element elementor-element-64f2df5\" data-id=\"64f2df5\" data-element_type=\"column\">\n\t\t\t<div class=\"elementor-widget-wrap elementor-element-populated\">\n\t\t\t\t\t\t<div class=\"elementor-element elementor-element-2a6dc0c elementor-widget elementor-widget-spacer\" data-id=\"2a6dc0c\" data-element_type=\"widget\" data-widget_type=\"spacer.default\">\n\t\t\t\t<div class=\"elementor-widget-container\">\n\t\t\t\t\t\t\t<div class=\"elementor-spacer\">\n\t\t\t<div class=\"elementor-spacer-inner\"><\/div>\n\t\t<\/div>\n\t\t\t\t\t\t<\/div>\n\t\t\t\t<\/div>\n\t\t\t\t\t<\/div>\n\t\t<\/div>\n\t\t\t\t\t<\/div>\n\t\t<\/section>\n\t\t\t\t<\/div>\n\t\t","protected":false},"excerpt":{"rendered":"<p>Folge uns auf Social-Media! Instagram Tiktok Wir sind \u00fcbersiedelt. Unsere neue Website ist unter folgendem Link erreichbarhttps:\/\/stuff4staff1157.wixsite.com\/stuff4staff-gmbh Wir sind eine \u00dcbungsfirma der BHAK Kirchdorf. Unsere Firmenphilosophie lautet: &#8222;make the office great again&#8220; Unsere Vision ist es, mit unseren Produkten f\u00fcr einen &#8222;gesunden&#8220; Arbeitsplatz und f\u00fcr ein angenehmes Wohlf\u00fchlambiente zu sorgen. Bitte beachten Sie, dass wir &hellip; <\/p>\n<p class=\"link-more\"><a href=\"https:\/\/stuff4staff.hak-kirchdorf.at\/\" class=\"more-link\">Mehr <span class=\"screen-reader-text\">\u00fcber &#8222;Startseite&#8220; <\/span>Lesen<\/a><\/p>\n","protected":false},"author":1,"featured_media":0,"parent":0,"menu_order":0,"comment_status":"closed","ping_status":"closed","template":"","meta":{"footnotes":""},"class_list":["post-4","page","type-page","status-publish","hentry"],"featured_media_urls":[],"_links":{"self":[{"href":"https:\/\/stuff4staff.hak-kirchdorf.at\/index.php\/wp-json\/wp\/v2\/pages\/4","targetHints":{"allow":["GET"]}}],"collection":[{"href":"https:\/\/stuff4staff.hak-kirchdorf.at\/index.php\/wp-json\/wp\/v2\/pages"}],"about":[{"href":"https:\/\/stuff4staff.hak-kirchdorf.at\/index.php\/wp-json\/wp\/v2\/types\/page"}],"author":[{"embeddable":true,"href":"https:\/\/stuff4staff.hak-kirchdorf.at\/index.php\/wp-json\/wp\/v2\/users\/1"}],"replies":[{"embeddable":true,"href":"https:\/\/stuff4staff.hak-kirchdorf.at\/index.php\/wp-json\/wp\/v2\/comments?post=4"}],"version-history":[{"count":83,"href":"https:\/\/stuff4staff.hak-kirchdorf.at\/index.php\/wp-json\/wp\/v2\/pages\/4\/revisions"}],"predecessor-version":[{"id":976,"href":"https:\/\/stuff4staff.hak-kirchdorf.at\/index.php\/wp-json\/wp\/v2\/pages\/4\/revisions\/976"}],"wp:attachment":[{"href":"https:\/\/stuff4staff.hak-kirchdorf.at\/index.php\/wp-json\/wp\/v2\/media?parent=4"}],"curies":[{"name":"wp","href":"https:\/\/api.w.org\/{rel}","templated":true}]}}