{"id":57,"date":"2017-02-01T11:17:00","date_gmt":"2017-02-01T10:17:00","guid":{"rendered":"http:\/\/stuff4staff.hak-kirchdorf.at\/?page_id=57"},"modified":"2022-01-07T20:07:01","modified_gmt":"2022-01-07T19:07:01","slug":"agb","status":"publish","type":"page","link":"https:\/\/stuff4staff.hak-kirchdorf.at\/index.php\/agb\/","title":{"rendered":"AGB"},"content":{"rendered":"<h1><strong>Allgemeine Gesch\u00e4ftsbedingungen f\u00fcr\u00a0den Online-Shop Stuff4Staff GmbH<\/strong><\/h1>\n<p>Diese Allgemeinen Gesch\u00e4ftsbedingungen (nachfolgend \u201eAGB\u201c genannt) gelten f\u00fcr alle Vertr\u00e4ge, die \u00fcber den Onlineshop abgeschlossen werden.<\/p>\n<p>Unsere Angebote richten sich ausschlie\u00dflich an Industrie, Handwerk, Handel und freie Berufe zur Verwendung in der selbstst\u00e4ndigen, beruflichen oder gewerblichen T\u00e4tigkeit. Wir liefern ausschlie\u00dflich aufgrund der nachstehenden Verkaufs-, Liefer- und Zahlungsbedingungen.<\/p>\n<p>Der Verkauf und Versand erfolgen ausschlie\u00dflich innerhalb von \u00d6sterreich.<\/p>\n<p><strong>ANERKENNUNG\u00a0DER AGB<\/strong><\/p>\n<p>Der Kunde erkennt diese AGB an und erkl\u00e4rt sich mit ihnen einverstanden, sobald er eine Bestellung vornimmt.<\/p>\n<p>Unsere Angebote sind, soweit sich aus ihnen nicht ausdr\u00fccklich etwas anderes ergibt, freibleibend und unverbindlich. Die Bestellung durch den K\u00e4ufer ist ein bindendes Angebot. Die Annahme des Kaufangebots erfolgt per E-Mail oder durch Auslieferung der Ware innerhalb von 14 Tagen.<\/p>\n<p><span style=\"color: #e0243a;\"><strong>LIEFERUNGEN<\/strong><\/span><\/p>\n<ol>\n<li><strong>Lieferung:<\/strong><br \/>\nDie Lieferung erfolgt innerhalb von 14 Werktagen jeweils nach Bestellungseingang. Die Verpflichtung zur Lieferung entf\u00e4llt, wenn wir selbst nicht richtig und rechtzeitig beliefert werden und die fehlende Verf\u00fcgbarkeit nicht zu vertreten haben. Bei Nichtverf\u00fcgbarkeit der Ware werden wir Sie umgehend unterrichten.<\/li>\n<li><strong>Art der Lieferung:<\/strong><br \/>\nWir nutzen die \u00f6sterreichische Post f\u00fcr Postsendungen innerhalb \u00d6sterreichs. Gro\u00dfe und sperrige Produkte werden per Spedition geliefert.<\/li>\n<li><strong>Versandkostenanteil:<\/strong><br \/>\nDie Lieferung erfolgt grunds\u00e4tzlich ab Werk. Bei einem Rechnungsbetrag ab \u20ac 250,00 exkl. USt stellen wir die Ware frei Haus zu.<\/li>\n<\/ol>\n<p><strong><span style=\"color: #e0243a;\">RECHNUNG UND BEZAHLUNG<\/span><br \/>\n<\/strong><strong><br \/>\n<\/strong>Sie sind damit einverstanden, dass Sie Rechnungen und Gutschriften ausschlie\u00dflich in elektronischer Form erhalten.<\/p>\n<p>Wir bieten mehrere bequeme Zahlungsm\u00f6glichkeiten an:<\/p>\n<ol>\n<li><strong>Kauf auf Rechnung<\/strong><\/li>\n<\/ol>\n<p>Sie bezahlen binnen 8 Tagen unter Abzug von 2 % Skonto bzw. innerhalb von 14 Tagen ohne jeden Abzug.<\/p>\n<ol start=\"2\">\n<li><strong>Zahlung mit Kreditkarte<\/strong><\/li>\n<\/ol>\n<p>Im Falle des Kaufes auf Kreditkarte erfolgt die Belastung Ihres Kreditkartenkontos mit Versendung der Bestellung.<\/p>\n<p><span style=\"color: #e0243a;\"><strong>PREISE<\/strong><\/span><\/p>\n<p>Alle angegebenen Preise in unseren Katalogen und auf unserer Webseite sind in Euro (\u20ac) ausgewiesene Nettopreise zuz\u00fcglich Umsatzsteuer.\u00a0Bez\u00fcglich unserer Preisangaben in unseren Katalogen und auf unserer Webseite sind \u00c4nderungen und Irrt\u00fcmer vorbehalten. Auf eventuelle Fehler oder \u00c4nderungen bei den Preisangaben werden wir Sie bei Ihrer Bestellung hinweisen.<\/p>\n<p><span style=\"color: #e0243a;\"><strong>EIGENTUMSVORBEHALT<\/strong><\/span><\/p>\n<p>Die Ware bleibt bis zur vollst\u00e4ndigen Zahlung des Kaufpreises in unserem Eigentum.<\/p>\n<p><span style=\"color: #e0243a;\"><strong>VERSANDKOSTEN<\/strong><\/span><\/p>\n<p>Die Lieferung erfolgt grunds\u00e4tzlich ab Werk. Bei einem Rechnungsbetrag ab \u20ac 250,00 exkl. USt stellen wir die Ware frei Haus zu.<\/p>\n<p><span style=\"color: #e0243a;\"><strong>GARANTIE<\/strong><\/span><\/p>\n<p>Zus\u00e4tzlich zu den gesetzlichen Gew\u00e4hrleistungsanspr\u00fcchen gew\u00e4hren wir eine Garantie auf Verarbeitungs- und Materialm\u00e4ngel, die innerhalb von 2 Jahren ab Auslieferung auftreten. Diese Garantie umfasst nicht die \u00fcbliche Abnutzung sowie M\u00e4ngel, die auf unsachgem\u00e4\u00dfe Behandlung der gelieferten Ware durch den K\u00e4ufer zur\u00fcckzuf\u00fchren sind.<\/p>\n<p>Im Garantiefall werden wir nach unserer Wahl nachbessern oder den Artikel gegen einen gleichen oder einen technisch gleichwertigen Artikel austauschen. Durch die Garantieleistung verl\u00e4ngert sich die mit der Auslieferung beginnende Garantiefrist nicht. Ihre gesetzlichen Gew\u00e4hrleistungsrechte bleiben durch diese Garantien unber\u00fchrt.<\/p>\n<p><span style=\"color: #e0243a;\"><strong>30-TAGE-R\u00dcCKGABEGARANTIE\u00a0\u2013 KAUF\u00a0OHNE\u00a0RISIKO<\/strong><\/span><\/p>\n<p>Wir gew\u00e4hren auf alle Katalogprodukte 30 Tage R\u00fcckgaberecht. Entspricht ein Artikel nicht Ihren Erwartungen kontaktieren Sie uns. Die zur\u00fcckgesandten Artikel m\u00fcssen unbenutzt, unbesch\u00e4digt und in einwandfreier Originalverpackung zur\u00fcckgegeben werden, die bei Softwareprodukten und Datentr\u00e4gern nicht ge\u00f6ffnet worden und bei der eine bei Lieferung vorhandene Versiegelung nicht entfernt worden sein darf. Diese R\u00fcckgabegarantie gilt nicht f\u00fcr Hygieneartikel, aufgebaute M\u00f6bel sowie Lebensmittel und Produkte die zum Verzehr geeignet sind. Dieses R\u00fcckgaberecht beschr\u00e4nkt Ihre gesetzlichen Gew\u00e4hrleistungsanspr\u00fcche nicht.<\/p>\n<p><span style=\"color: #e0243a;\"><strong>URHEBERRECHTE<\/strong><\/span><\/p>\n<p>Alle auf dieser Internetpr\u00e4senz verwendeten Texte, Fotos und grafischen Gestaltungen sind urheberrechtlich gesch\u00fctzt. Sollten Sie Teile hiervon verwenden wollen, wenden Sie sich bitte an den Seitenbetreiber. Er wird dann gegebenenfalls den Kontakt zum Urheber oder Nutzungsberechtigten herstellen.<\/p>\n<p><span style=\"color: #e0243a;\"><strong>DATENSCHUTZ<\/strong><\/span><\/p>\n<p>Die Verarbeitung von personenbezogenen Daten erfolgt grunds\u00e4tzlich nach den datenschutzrechtlichen Bestimmungen und Gesetzen.<\/p>\n<p><span style=\"color: #e0243a;\"><strong>GERICHTSSTAND\u00a0&#8211;\u00a0ERF\u00dcLLUNGSORT<\/strong><\/span><\/p>\n<p>Ausschlie\u00dflicher Gerichtsstand f\u00fcr alle Streitigkeiten ist &#8211; soweit gesetzlich zul\u00e4ssig \u2013 Kirchdorf\/Kr. Es gilt \u00f6sterreichisches Recht; die Geltung des UN-Kaufrechts ist ausgeschlossen. Erf\u00fcllungsort ist Kirchdorf\/Kr.<\/p>\n","protected":false},"excerpt":{"rendered":"<p>Allgemeine Gesch\u00e4ftsbedingungen f\u00fcr\u00a0den Online-Shop Stuff4Staff GmbH Diese Allgemeinen Gesch\u00e4ftsbedingungen (nachfolgend \u201eAGB\u201c genannt) gelten f\u00fcr alle Vertr\u00e4ge, die \u00fcber den Onlineshop abgeschlossen werden. Unsere Angebote richten sich ausschlie\u00dflich an Industrie, Handwerk, Handel und freie Berufe zur Verwendung in der selbstst\u00e4ndigen, beruflichen oder gewerblichen T\u00e4tigkeit. Wir liefern ausschlie\u00dflich aufgrund der nachstehenden Verkaufs-, Liefer- und Zahlungsbedingungen. Der Verkauf &hellip; <\/p>\n<p class=\"link-more\"><a href=\"https:\/\/stuff4staff.hak-kirchdorf.at\/index.php\/agb\/\" class=\"more-link\">Mehr <span class=\"screen-reader-text\">\u00fcber &#8222;AGB&#8220; <\/span>Lesen<\/a><\/p>\n","protected":false},"author":1,"featured_media":0,"parent":0,"menu_order":0,"comment_status":"closed","ping_status":"closed","template":"","meta":{"footnotes":""},"class_list":["post-57","page","type-page","status-publish","hentry"],"featured_media_urls":[],"_links":{"self":[{"href":"https:\/\/stuff4staff.hak-kirchdorf.at\/index.php\/wp-json\/wp\/v2\/pages\/57","targetHints":{"allow":["GET"]}}],"collection":[{"href":"https:\/\/stuff4staff.hak-kirchdorf.at\/index.php\/wp-json\/wp\/v2\/pages"}],"about":[{"href":"https:\/\/stuff4staff.hak-kirchdorf.at\/index.php\/wp-json\/wp\/v2\/types\/page"}],"author":[{"embeddable":true,"href":"https:\/\/stuff4staff.hak-kirchdorf.at\/index.php\/wp-json\/wp\/v2\/users\/1"}],"replies":[{"embeddable":true,"href":"https:\/\/stuff4staff.hak-kirchdorf.at\/index.php\/wp-json\/wp\/v2\/comments?post=57"}],"version-history":[{"count":8,"href":"https:\/\/stuff4staff.hak-kirchdorf.at\/index.php\/wp-json\/wp\/v2\/pages\/57\/revisions"}],"predecessor-version":[{"id":393,"href":"https:\/\/stuff4staff.hak-kirchdorf.at\/index.php\/wp-json\/wp\/v2\/pages\/57\/revisions\/393"}],"wp:attachment":[{"href":"https:\/\/stuff4staff.hak-kirchdorf.at\/index.php\/wp-json\/wp\/v2\/media?parent=57"}],"curies":[{"name":"wp","href":"https:\/\/api.w.org\/{rel}","templated":true}]}}